{"id":42,"date":"2019-11-27T05:29:38","date_gmt":"2019-11-27T05:29:38","guid":{"rendered":"https:\/\/www.demo.cosmoswp.com\/demo-13\/?page_id=33"},"modified":"2023-12-20T08:40:04","modified_gmt":"2023-12-20T07:40:04","slug":"objekte","status":"publish","type":"page","link":"https:\/\/gewobau-sulzbach.de\/content\/objekte\/","title":{"rendered":"Objekte"},"content":{"rendered":"\n<div id=\"section-gda4648\" class=\"wp-block-gutentor-e6 section-gda4648 gutentor-element gutentor-element-image\"><div class=\"gutentor-element-image-box\"><div class=\"gutentor-bg-image\"><\/div><\/div><\/div>\n\n\n\n<section id=\"gme850934\" class=\"wp-block-gutentor-m4 section-gme850934 gutentor-module gutentor-advanced-columns has-color-bg has-custom-bg\"><div class=\"grid-container\"><div class=\"grid-row\">\n<div id=\"col-gm07033e\" class=\"wp-block-gutentor-m4-col col-gm07033e gutentor-single-column  grid-lg-12 grid-md-12 grid-12\"><div id=\"section-gm07033e\" class=\"section-gm07033e gutentor-col-wrap\">\n<div id=\"section-g74d90d\" class=\"wp-block-gutentor-e1 section-g74d90d gutentor-element gutentor-element-advanced-text\"><div class=\"gutentor-text-wrap\"><h2 class=\"gutentor-text\">Unsere Objekte<\/h2><\/div><\/div>\n\n\n\n<div id=\"section-g2f5003\" class=\"wp-block-gutentor-e1 section-g2f5003 gutentor-element gutentor-element-advanced-text\"><div class=\"gutentor-text-wrap\"><p class=\"gutentor-text\">Die Gemeinn\u00fctzige Wohnungsbaugenossenschaft eG (Gewobau) vermietet zurzeit 67 Wohnungen. Ein Gro\u00dfteil der Wohnungen sind zwischen 40 m\u00b2 und 60 m\u00b2 gro\u00df.<br><br>Die Baut\u00e4tigkeit der Gewobau ruht zurzeit. Vorrang haben Modernisierung und Instandhaltung der Wohnungen. Damit soll gew\u00e4hrleistet sein, dass der Gewobau-Wohnungsbestand f\u00fcr Wohnungssuchende auch weiterhin attraktiv bleibt. Hierzu geh\u00f6rt auch, dass die Mieten der angebotenen Wohnungen bezahlbar bleiben.<br><br>Sollte die Gewobau die M\u00f6glichkeit haben, ein Grundst\u00fcck zu einem realistischen Preis zu erwerben oder zu pachten, ist beabsichtigt, die Neubauaktivit\u00e4ten wieder aufzunehmen.<\/p><\/div><\/div>\n<\/div><\/div>\n<\/div><\/div><\/section>\n\n\n\n<section id=\"section-de5a4256-cb54-49e0-a1cc-9820021ca617\" class=\"wp-block-gutentor-image-box gutentor-section gutentor-image-wrapper imagebox-template1 has-image-bg has-custom-bg wow animated slideInUp\" data-wow-animation=\"slideInUp\" data-wow-iteration=\"1\"><div class=\"grid-container\"><div class=\"gutentor-block-header\"><div class=\"gutentor-section-title enable-title-design seperator-bottom text-center\"><h2 class=\"gutentor-title\">Unsere Objekte<\/h2><\/div><\/div><div class=\"grid-row gutentor-grid-item-wrap\"><div class=\"gutentor-grid-column grid-lg-6 grid-md-4 grid-12\"><div class=\"gutentor-single-item gutentor-image gutentor-single-item-0\"><div class=\"gutentor-single-item-wrap\"><div class=\"gutentor-single-item-image-box\"><div class=\"gutentor-image-thumb\"><img loading=\"lazy\" decoding=\"async\" class=\"normal-image\" src=\"https:\/\/gewobau-sulzbach.de\/content\/wp-content\/uploads\/2023\/12\/eschbornerstrasse-teaser.jpg\" alt=\"\" height=\"400\" width=\"600\"\/><\/div><\/div><div class=\"gutentor-single-item-content\"><h3 class=\"gutentor-single-item-title\">Eschborner Stra\u00dfe<\/h3><p class=\"gutentor-single-item-desc\">Die Eschborner Stra\u00dfe \u00a0liegt im \u00e4lteren Teil der Gemeinde Sulzbach.  Die Wohnungen verf\u00fcgen \u00fcber eine Wohnfl\u00e4che von 39 m\u00b2 bis 66 m\u00b2.<\/p><a class=\"gutentor-button gutentor-single-item-button gutentor-icon-before 24\" href=\"#\"><i class=\"gutentor-button-icon fas fa-arrow-circle-right\"><\/i><span><a href=\"https:\/\/gewobau-sulzbach.de\/content\/eschborner-strasse\/\"><strong><mark style=\"background-color:rgba(0, 0, 0, 0)\" class=\"has-inline-color has-white-color\">alle Objekte<\/mark><\/strong><\/a><\/span><\/a><\/div><\/div><\/div><\/div><div class=\"gutentor-grid-column grid-lg-6 grid-md-4 grid-12\"><div class=\"gutentor-single-item gutentor-image gutentor-single-item-1\"><div class=\"gutentor-single-item-wrap\"><div class=\"gutentor-single-item-image-box\"><div class=\"gutentor-image-thumb\"><img loading=\"lazy\" decoding=\"async\" class=\"normal-image\" src=\"https:\/\/gewobau-sulzbach.de\/content\/wp-content\/uploads\/2023\/12\/bruehl-teaser.jpg\" alt=\"\" height=\"400\" width=\"600\"\/><\/div><\/div><div class=\"gutentor-single-item-content\"><h3 class=\"gutentor-single-item-title\">Im Br\u00fchl<\/h3><p class=\"gutentor-single-item-desc\">Eine ruhige Seitenstra\u00dfe der Eschborner Stra\u00dfe. Die Wohnungen wurden  modernisiert und energetisch saniert und zwischen ca. 40 m\u00b2 und ca. 53 m\u00b2 gro\u00df.<\/p><a class=\"gutentor-button gutentor-single-item-button gutentor-icon-before 24\" href=\"#\"><i class=\"gutentor-button-icon fas fa-arrow-circle-right\"><\/i><span><a href=\"https:\/\/gewobau-sulzbach.de\/content\/im-bruehl\/\"><strong><mark style=\"background-color:rgba(0, 0, 0, 0)\" class=\"has-inline-color has-white-color\">alle Objekte<\/mark><\/strong><\/a><\/span><\/a><\/div><\/div><\/div><\/div><div class=\"gutentor-grid-column grid-lg-6 grid-md-4 grid-12\"><div class=\"gutentor-single-item gutentor-image gutentor-single-item-2\"><div class=\"gutentor-single-item-wrap\"><div class=\"gutentor-single-item-image-box\"><div class=\"gutentor-image-thumb\"><img loading=\"lazy\" decoding=\"async\" class=\"normal-image\" src=\"https:\/\/gewobau-sulzbach.de\/content\/wp-content\/uploads\/2023\/12\/jahn-teaser.jpg\" alt=\"\" height=\"400\" width=\"600\"\/><\/div><\/div><div class=\"gutentor-single-item-content\"><h3 class=\"gutentor-single-item-title\"><strong>Jahnstra\u00dfe<\/strong><\/h3><p class=\"gutentor-single-item-desc\">Drei Mehrfamilienh\u00e4user mit je 9 Wohnungen in einer ruhigen Stra\u00dfe im alten Ortskern. Alle Wohnungen wurden nach heutigen Ma\u00dfst\u00e4ben renoviert und modernisiert.<\/p><a class=\"gutentor-button gutentor-single-item-button gutentor-icon-before 24\" href=\"#\"><i class=\"gutentor-button-icon fas fa-arrow-circle-right\"><\/i><span><a href=\"https:\/\/gewobau-sulzbach.de\/content\/jahnstrasse\/\"><strong><mark style=\"background-color:rgba(0, 0, 0, 0)\" class=\"has-inline-color has-white-color\">alle Objekte<\/mark><\/strong><\/a><\/span><\/a><\/div><\/div><\/div><\/div><div class=\"gutentor-grid-column grid-lg-6 grid-md-4 grid-12\"><div class=\"gutentor-single-item gutentor-image gutentor-single-item-3\"><div class=\"gutentor-single-item-wrap\"><div class=\"gutentor-single-item-image-box\"><div class=\"gutentor-image-thumb\"><img loading=\"lazy\" decoding=\"async\" class=\"normal-image\" src=\"https:\/\/gewobau-sulzbach.de\/content\/wp-content\/uploads\/2023\/12\/schwalbacher-teaser.jpg\" alt=\"\" height=\"400\" width=\"600\"\/><\/div><\/div><div class=\"gutentor-single-item-content\"><h3 class=\"gutentor-single-item-title\">Schwalbacher Stra\u00dfe<\/h3><p class=\"gutentor-single-item-desc\">Mehrfamilienhaus mit 8 Wohnungen mit F\u00e4chen von 64m\u00b2 bis 100m\u00b2 mit Balkon. Das Haus wurde im Rahmen des Sozialen Wohnungsbau errichtet.<\/p><a class=\"gutentor-button gutentor-single-item-button gutentor-icon-before 24\" href=\"#\"><i class=\"gutentor-button-icon fas fa-arrow-circle-right\"><\/i><span><a href=\"https:\/\/gewobau-sulzbach.de\/content\/schwalbacher-strasse\/\"><strong><mark style=\"background-color:rgba(0, 0, 0, 0)\" class=\"has-inline-color has-white-color\">alle Objekte<\/mark><\/strong><\/a><\/span><\/a><\/div><\/div><\/div><\/div><\/div><\/div><\/section>\n","protected":false},"excerpt":{"rendered":"","protected":false},"author":2,"featured_media":0,"parent":0,"menu_order":0,"comment_status":"closed","ping_status":"closed","template":"template-gutentor-full-width.php","meta":{"footnotes":""},"class_list":["post-42","page","type-page","status-publish","hentry"],"_links":{"self":[{"href":"https:\/\/gewobau-sulzbach.de\/content\/wp-json\/wp\/v2\/pages\/42","targetHints":{"allow":["GET"]}}],"collection":[{"href":"https:\/\/gewobau-sulzbach.de\/content\/wp-json\/wp\/v2\/pages"}],"about":[{"href":"https:\/\/gewobau-sulzbach.de\/content\/wp-json\/wp\/v2\/types\/page"}],"author":[{"embeddable":true,"href":"https:\/\/gewobau-sulzbach.de\/content\/wp-json\/wp\/v2\/users\/2"}],"replies":[{"embeddable":true,"href":"https:\/\/gewobau-sulzbach.de\/content\/wp-json\/wp\/v2\/comments?post=42"}],"version-history":[{"count":46,"href":"https:\/\/gewobau-sulzbach.de\/content\/wp-json\/wp\/v2\/pages\/42\/revisions"}],"predecessor-version":[{"id":727,"href":"https:\/\/gewobau-sulzbach.de\/content\/wp-json\/wp\/v2\/pages\/42\/revisions\/727"}],"wp:attachment":[{"href":"https:\/\/gewobau-sulzbach.de\/content\/wp-json\/wp\/v2\/media?parent=42"}],"curies":[{"name":"wp","href":"https:\/\/api.w.org\/{rel}","templated":true}]}}