{"id":50,"date":"2019-11-27T05:28:36","date_gmt":"2019-11-27T05:28:36","guid":{"rendered":"https:\/\/www.demo.cosmoswp.com\/demo-13\/?page_id=25"},"modified":"2025-01-14T09:38:44","modified_gmt":"2025-01-14T08:38:44","slug":"home","status":"publish","type":"page","link":"https:\/\/gewobau-sulzbach.de\/content\/","title":{"rendered":"Willkommen"},"content":{"rendered":"\n<section id=\"gmedf630c\" class=\"wp-block-gutentor-m5 section-gmedf630c gutentor-module gutentor-module-slider gutentor-slick-a-default-desktop gutentor-module-caption-enabled\"><div class=\"gutentor-module-slider-row\" data-dots=\"false\" data-dotstablet=\"false\" data-dotsmobile=\"false\" data-nextarrow=\"fas fa-angle-right\" data-prevarrow=\"fas fa-angle-left\" data-arrows=\"true\" data-arrowstablet=\"true\" data-arrowsmobile=\"true\" data-fade=\"false\" data-draggable=\"true\" data-infinite=\"false\" data-autoplay=\"false\" data-pauseonfocus=\"true\" data-pauseonhover=\"true\" data-speed=\"300\" data-autoplayspeed=\"300\" data-arrowspositiondesktop=\"gutentor-slick-a-default-desktop\">\n<div id=\"col-gm17f51d\" class=\"wp-block-gutentor-m5-col col-gm17f51d gutentor-slider-item\"><div id=\"section-gm17f51d\" class=\"section-gm17f51d gutentor-col-wrap has-image-bg has-custom-bg has-gutentor-overlay\"><div class=\"gutentor-slider-caption\"><div class=\"grid-container\">\n<div id=\"section-g5645f4\" class=\"wp-block-gutentor-e1 section-g5645f4 gutentor-element gutentor-element-advanced-text wow slideInDown text-align-center-desktop\" data-wow-animation=\"slideInDown\"><div class=\"gutentor-text-wrap\"><h2 class=\"gutentor-text\"><mark style=\"background-color:rgba(0, 0, 0, 0)\" class=\"has-inline-color has-white-color\">SEIT 1948 F\u00dcR SIE DA<\/mark> <\/h2><\/div><\/div>\n\n\n\n<div id=\"section-g9e31be\" class=\"wp-block-gutentor-e1 section-g9e31be gutentor-element gutentor-element-advanced-text wow zoomIn text-align-center-desktop text-align-center-tablet\" data-wow-animation=\"zoomIn\"><div class=\"gutentor-text-wrap\"><h2 class=\"gutentor-text\">Willkommen bei der GEWOBAU Sulzbach<\/h2><\/div><\/div>\n<\/div><\/div><\/div><\/div>\n<\/div><\/section>\n\n\n\n<section id=\"gm06c8706\" class=\"wp-block-gutentor-m4 section-gm06c8706 gutentor-module gutentor-advanced-columns has-color-bg has-custom-bg\"><div class=\"grid-container\"><div class=\"grid-row\">\n<div id=\"col-gmd6ede7\" class=\"wp-block-gutentor-m4-col col-gmd6ede7 gutentor-single-column  grid-lg-12 grid-md-12 grid-12\"><div id=\"section-gmd6ede7\" class=\"section-gmd6ede7 gutentor-col-wrap\">\n<div id=\"section-g6019d9\" class=\"wp-block-gutentor-e1 section-g6019d9 gutentor-element gutentor-element-advanced-text wow slideInLeft text-align-center-desktop\" data-wow-animation=\"slideInLeft\"><div class=\"gutentor-text-wrap\"><h2 class=\"gutentor-text\">Wohnungen zu bezahlbaren Mietpreisen<\/h2><\/div><\/div>\n\n\n\n<div id=\"section-g872d0c\" class=\"wp-block-gutentor-e1 section-g872d0c gutentor-element gutentor-element-advanced-text wow slideInRight text-align-center-desktop\" data-wow-animation=\"slideInRight\"><div class=\"gutentor-text-wrap\"><p class=\"gutentor-text\">Die Gemeinn\u00fctzige Wohnungsbaugenossenschaft eG wurde 1948 gegr\u00fcndet \u2013 zu einer Zeit, in der akuter Wohnungsmangel herrschte. Zur Linderung dieser Wohnungsnot wurden von den damaligen Mitgliedern in unerm\u00fcdlichem Einsatz und mit enormer Eigenleistung die ersten H\u00e4user errichtet. In den Folgejahren ist der Wohnungsbestand der Gewobau kontinuierlich auf insgesamt 67 Wohnungen erweitert worden.<\/p><\/div><\/div>\n\n\n\n<div id=\"section-g8f77c0\" class=\"wp-block-gutentor-e1 section-g8f77c0 gutentor-element gutentor-element-advanced-text text-align-center-desktop\"><div class=\"gutentor-text-wrap\"><h3 class=\"gutentor-text\">Zentrales Ziel der Gewobau ist es, Wohnungen zu einem bezahlbaren Mietpreis anzubieten und daf\u00fcr Sorge zu tragen, dass sich Mieterinnen und Mieter in ihren Wohnungen wohlf\u00fchlen.<\/h3><\/div><\/div>\n<\/div><\/div>\n<\/div><\/div><\/section>\n\n\n\n<section id=\"section-e9637b78-0c71-422d-aea0-ea8d3aca2b04\" class=\"wp-block-gutentor-image-box gutentor-section gutentor-image-wrapper imagebox-template1 has-image-bg has-custom-bg\"><div class=\"grid-container\"><div class=\"gutentor-block-header\"><div class=\"gutentor-section-title enable-title-design seperator-bottom text-center\"><h2 class=\"gutentor-title\">Unsere Objekte<\/h2><\/div><\/div><div class=\"grid-row gutentor-grid-item-wrap\"><div class=\"gutentor-grid-column grid-lg-6 grid-md-4 grid-12\"><div class=\"gutentor-single-item gutentor-image gutentor-single-item-0\"><div class=\"gutentor-single-item-wrap\"><div class=\"gutentor-single-item-image-box\"><div class=\"gutentor-image-thumb\"><img loading=\"lazy\" decoding=\"async\" class=\"normal-image\" src=\"https:\/\/gewobau-sulzbach.de\/content\/wp-content\/uploads\/2023\/12\/eschbornerstrasse-teaser.jpg\" alt=\"\" height=\"400\" width=\"600\"\/><\/div><\/div><div class=\"gutentor-single-item-content\"><h3 class=\"gutentor-single-item-title\">Eschborner Stra\u00dfe<\/h3><p class=\"gutentor-single-item-desc\">Die Eschborner Stra\u00dfe \u00a0liegt im \u00e4lteren Teil der Gemeinde Sulzbach.  Die Wohnungen verf\u00fcgen \u00fcber eine Wohnfl\u00e4che von 39 m\u00b2 bis 66m\u00b2.<\/p><a class=\"gutentor-button gutentor-single-item-button gutentor-icon-before 24\" href=\"#\"><i class=\"gutentor-button-icon fas fa-arrow-circle-right\"><\/i><span><a href=\"https:\/\/gewobau-sulzbach.de\/content\/eschborner-strasse\/\"><mark style=\"background-color:rgba(0, 0, 0, 0)\" class=\"has-inline-color has-white-color\"><strong>alle Objekte<\/strong><\/mark><\/a><\/span><\/a><\/div><\/div><\/div><\/div><div class=\"gutentor-grid-column grid-lg-6 grid-md-4 grid-12\"><div class=\"gutentor-single-item gutentor-image gutentor-single-item-1\"><div class=\"gutentor-single-item-wrap\"><div class=\"gutentor-single-item-image-box\"><div class=\"gutentor-image-thumb\"><img loading=\"lazy\" decoding=\"async\" class=\"normal-image\" src=\"https:\/\/gewobau-sulzbach.de\/content\/wp-content\/uploads\/2023\/12\/bruehl-teaser.jpg\" alt=\"\" height=\"400\" width=\"600\"\/><\/div><\/div><div class=\"gutentor-single-item-content\"><h3 class=\"gutentor-single-item-title\">Im Br\u00fchl<\/h3><p class=\"gutentor-single-item-desc\">Eine ruhige Seitenstra\u00dfe der Eschborner Stra\u00dfe. Die Wohnungen wurden  modernisiert und energetisch saniert und zwischen ca. 40 m\u00b2 und ca. 53 m\u00b2.<\/p><a class=\"gutentor-button gutentor-single-item-button gutentor-icon-before 24\" href=\"#\"><i class=\"gutentor-button-icon fas fa-arrow-circle-right\"><\/i><span><strong><a href=\"https:\/\/gewobau-sulzbach.de\/content\/im-bruehl\/\"><mark style=\"background-color:rgba(0, 0, 0, 0)\" class=\"has-inline-color has-white-color\">alle Objekte<\/mark><\/a><\/strong><\/span><\/a><\/div><\/div><\/div><\/div><div class=\"gutentor-grid-column grid-lg-6 grid-md-4 grid-12\"><div class=\"gutentor-single-item gutentor-image gutentor-single-item-2\"><div class=\"gutentor-single-item-wrap\"><div class=\"gutentor-single-item-image-box\"><div class=\"gutentor-image-thumb\"><img loading=\"lazy\" decoding=\"async\" class=\"normal-image\" src=\"https:\/\/gewobau-sulzbach.de\/content\/wp-content\/uploads\/2023\/12\/jahn-teaser.jpg\" alt=\"\" height=\"400\" width=\"600\"\/><\/div><\/div><div class=\"gutentor-single-item-content\"><h3 class=\"gutentor-single-item-title\">Jahnstra\u00dfe<\/h3><p class=\"gutentor-single-item-desc\">Drei Mehrfamilienh\u00e4user mit je 9 Wohnungen in einer ruhigen Stra\u00dfe im alten Ortskern. Alle Wohnungen wurden nach heutigen Ma\u00dfst\u00e4ben renoviert und modernisiert.<\/p><a class=\"gutentor-button gutentor-single-item-button gutentor-icon-before 24\" href=\"#\"><i class=\"gutentor-button-icon fas fa-arrow-circle-right\"><\/i><span><strong><a href=\"https:\/\/gewobau-sulzbach.de\/content\/jahnstrasse\/\"><mark style=\"background-color:rgba(0, 0, 0, 0)\" class=\"has-inline-color has-white-color\">alle Objekte<\/mark><\/a><\/strong><\/span><\/a><\/div><\/div><\/div><\/div><div class=\"gutentor-grid-column grid-lg-6 grid-md-4 grid-12\"><div class=\"gutentor-single-item gutentor-image gutentor-single-item-3\"><div class=\"gutentor-single-item-wrap\"><div class=\"gutentor-single-item-image-box\"><div class=\"gutentor-image-thumb\"><img loading=\"lazy\" decoding=\"async\" class=\"normal-image\" src=\"https:\/\/gewobau-sulzbach.de\/content\/wp-content\/uploads\/2023\/12\/schwalbacher-teaser.jpg\" alt=\"\" height=\"400\" width=\"600\"\/><\/div><\/div><div class=\"gutentor-single-item-content\"><h3 class=\"gutentor-single-item-title\">Schwalbacher Stra\u00dfe<\/h3><p class=\"gutentor-single-item-desc\">Mehrfamilienhaus mit 8 Wohnungen mit F\u00e4chen von 64m\u00b2 bis 100m\u00b2 mit Balkon. Das Haus wurde im Rahmen des Sozialen Wohnungsbau errichtet.<\/p><a class=\"gutentor-button gutentor-single-item-button gutentor-icon-before 24\" href=\"#\"><i class=\"gutentor-button-icon fas fa-arrow-circle-right\"><\/i><span><strong><a href=\"https:\/\/gewobau-sulzbach.de\/content\/schwalbacher-strasse\/\"><mark style=\"background-color:rgba(0, 0, 0, 0)\" class=\"has-inline-color has-white-color\">alle Objekte<\/mark><\/a><\/strong><\/span><\/a><\/div><\/div><\/div><\/div><\/div><\/div><\/section>\n","protected":false},"excerpt":{"rendered":"","protected":false},"author":2,"featured_media":0,"parent":0,"menu_order":0,"comment_status":"closed","ping_status":"closed","template":"template-gutentor-full-width.php","meta":{"footnotes":""},"class_list":["post-50","page","type-page","status-publish","hentry"],"_links":{"self":[{"href":"https:\/\/gewobau-sulzbach.de\/content\/wp-json\/wp\/v2\/pages\/50","targetHints":{"allow":["GET"]}}],"collection":[{"href":"https:\/\/gewobau-sulzbach.de\/content\/wp-json\/wp\/v2\/pages"}],"about":[{"href":"https:\/\/gewobau-sulzbach.de\/content\/wp-json\/wp\/v2\/types\/page"}],"author":[{"embeddable":true,"href":"https:\/\/gewobau-sulzbach.de\/content\/wp-json\/wp\/v2\/users\/2"}],"replies":[{"embeddable":true,"href":"https:\/\/gewobau-sulzbach.de\/content\/wp-json\/wp\/v2\/comments?post=50"}],"version-history":[{"count":115,"href":"https:\/\/gewobau-sulzbach.de\/content\/wp-json\/wp\/v2\/pages\/50\/revisions"}],"predecessor-version":[{"id":775,"href":"https:\/\/gewobau-sulzbach.de\/content\/wp-json\/wp\/v2\/pages\/50\/revisions\/775"}],"wp:attachment":[{"href":"https:\/\/gewobau-sulzbach.de\/content\/wp-json\/wp\/v2\/media?parent=50"}],"curies":[{"name":"wp","href":"https:\/\/api.w.org\/{rel}","templated":true}]}}