{"id":517,"date":"2023-12-01T13:21:01","date_gmt":"2023-12-01T12:21:01","guid":{"rendered":"https:\/\/grafix-dezign.de\/gewobau-sulzbach\/?page_id=517"},"modified":"2024-01-09T17:19:31","modified_gmt":"2024-01-09T16:19:31","slug":"mitgliedschaft","status":"publish","type":"page","link":"https:\/\/gewobau-sulzbach.de\/content\/mitgliedschaft\/","title":{"rendered":"Mitgliedschaft"},"content":{"rendered":"\n<div id=\"section-gfd9824\" class=\"wp-block-gutentor-e6 section-gfd9824 gutentor-element gutentor-element-image\"><div class=\"gutentor-element-image-box\"><div class=\"gutentor-bg-image\"><\/div><\/div><\/div>\n\n\n\n<section id=\"gm6f734fb\" class=\"wp-block-gutentor-m4 section-gm6f734fb gutentor-module gutentor-advanced-columns has-image-bg has-custom-bg\"><div class=\"grid-container\"><div class=\"grid-row\">\n<div id=\"col-gm500c19\" class=\"wp-block-gutentor-m4-col col-gm500c19 gutentor-single-column  grid-lg-12 grid-md-12 grid-12\"><div id=\"section-gm500c19\" class=\"section-gm500c19 gutentor-col-wrap\">\n<div id=\"section-g60d7fb\" class=\"wp-block-gutentor-e1 section-g60d7fb gutentor-element gutentor-element-advanced-text\"><div class=\"gutentor-text-wrap\"><h2 class=\"gutentor-text\">Erwerb der Mitgliedschaft<\/h2><\/div><\/div>\n\n\n\n<div id=\"section-g7f5541\" class=\"wp-block-gutentor-e1 section-g7f5541 gutentor-element gutentor-element-advanced-text\"><div class=\"gutentor-text-wrap\"><p class=\"gutentor-text\">Die Nutzung einer Wohnung\/Abschluss eines Mietvertrages ist an die Mitgliedschaft in der Gemeinn\u00fctzigen Wohnungsbaugenossenschaft eG gebunden. \u00a0<br><br>Mit zwei Gesch\u00e4ftsanteilen je 325,- Euro (=Genossenschaftsanteilen) wird die Mitgliedschaft erworben (mitgliedschaftsbegr\u00fcndende Gesch\u00e4ftsanteile).<br>Daneben ist ein Eintrittsgeld in H\u00f6he von z. Zt.100,- Euro zu entrichten<br><br>Vor der Vermietung einer Wohnung sind weitere Gesch\u00e4ftsanteile &#8211; entsprechend der Wohnungsgr\u00f6\u00dfe &#8211; zu erwerben (nutzungsbezogene Pflichtanteile).<br><br>Die K\u00fcndigung der Mitgliedschaft findet nur zum Schluss eines Gesch\u00e4ftsjahres statt. Sie muss der Gemeinn\u00fctzigen Wohnungsbaugenossenschaft eG mindestens 3 Monate vorher schriftlich zugehen.<br><br><strong>Nutzungsbezogene Pflichtanteile<\/strong><br><br>F\u00fcr eine Wohnung:<br>________________________________________<br>bis 60 m\u00b2: 2 Anteile: = 650,- Euro<br>________________________________________<br>\u00fcber 60m\u00b2: 3 Anteile: = 975,- Euro<br>________________________________________<br>\u00fcber 75m\u00b2: 4 Anteile: = 1.300,- Euro<br>________________________________________<br>F\u00fcr einen Stellplatz: 1 Anteil: = 325,- Euro<\/p><\/div><\/div>\n<\/div><\/div>\n<\/div><\/div><\/section>\n","protected":false},"excerpt":{"rendered":"","protected":false},"author":2,"featured_media":0,"parent":0,"menu_order":0,"comment_status":"closed","ping_status":"closed","template":"template-gutentor-full-width.php","meta":{"footnotes":""},"class_list":["post-517","page","type-page","status-publish","hentry"],"_links":{"self":[{"href":"https:\/\/gewobau-sulzbach.de\/content\/wp-json\/wp\/v2\/pages\/517","targetHints":{"allow":["GET"]}}],"collection":[{"href":"https:\/\/gewobau-sulzbach.de\/content\/wp-json\/wp\/v2\/pages"}],"about":[{"href":"https:\/\/gewobau-sulzbach.de\/content\/wp-json\/wp\/v2\/types\/page"}],"author":[{"embeddable":true,"href":"https:\/\/gewobau-sulzbach.de\/content\/wp-json\/wp\/v2\/users\/2"}],"replies":[{"embeddable":true,"href":"https:\/\/gewobau-sulzbach.de\/content\/wp-json\/wp\/v2\/comments?post=517"}],"version-history":[{"count":9,"href":"https:\/\/gewobau-sulzbach.de\/content\/wp-json\/wp\/v2\/pages\/517\/revisions"}],"predecessor-version":[{"id":746,"href":"https:\/\/gewobau-sulzbach.de\/content\/wp-json\/wp\/v2\/pages\/517\/revisions\/746"}],"wp:attachment":[{"href":"https:\/\/gewobau-sulzbach.de\/content\/wp-json\/wp\/v2\/media?parent=517"}],"curies":[{"name":"wp","href":"https:\/\/api.w.org\/{rel}","templated":true}]}}