{"id":544,"date":"2023-12-01T14:42:11","date_gmt":"2023-12-01T13:42:11","guid":{"rendered":"https:\/\/grafix-dezign.de\/gewobau-sulzbach\/?page_id=544"},"modified":"2023-12-20T08:40:43","modified_gmt":"2023-12-20T07:40:43","slug":"schadensmeldung","status":"publish","type":"page","link":"https:\/\/gewobau-sulzbach.de\/content\/schadensmeldung\/","title":{"rendered":"Schadensmeldung"},"content":{"rendered":"\n<div id=\"section-g31d6ed\" class=\"wp-block-gutentor-e6 section-g31d6ed gutentor-element gutentor-element-image\"><div class=\"gutentor-element-image-box\"><div class=\"gutentor-bg-image\"><\/div><\/div><\/div>\n\n\n\n<section id=\"gm08de4e3\" class=\"wp-block-gutentor-m4 section-gm08de4e3 gutentor-module gutentor-advanced-columns has-image-bg has-custom-bg\"><div class=\"grid-container\"><div class=\"grid-row\">\n<div id=\"col-gmdde042\" class=\"wp-block-gutentor-m4-col col-gmdde042 gutentor-single-column  grid-lg-12 grid-md-12 grid-12\"><div id=\"section-gmdde042\" class=\"section-gmdde042 gutentor-col-wrap\">\n<div id=\"section-g3bfe52\" class=\"wp-block-gutentor-e1 section-g3bfe52 gutentor-element gutentor-element-advanced-text\"><div class=\"gutentor-text-wrap\"><h2 class=\"gutentor-text\">Schadensmeldung<\/h2><\/div><\/div>\n\n\n\n<div id=\"section-g6a72a8\" class=\"wp-block-gutentor-e1 section-g6a72a8 gutentor-element gutentor-element-advanced-text\"><div class=\"gutentor-text-wrap\"><p class=\"gutentor-text\">Sollte es in oder an ihrer Wohnung zu einem Schaden gekommen sein, bitten wir Sie, uns dies zu melden. Hierf\u00fcr f\u00fcllen Sie bitte das untenstehende Formular vollst\u00e4ndig aus. Wir werden versuchen, Ihnen schnellstm\u00f6glich zu helfen.<\/p><\/div><\/div>\n<\/div><\/div>\n<\/div><\/div><\/section>\n\n\n\n<section id=\"gm093b7a9\" class=\"wp-block-gutentor-m4 section-gm093b7a9 gutentor-module gutentor-advanced-columns\"><div class=\"grid-container\"><div class=\"grid-row\">\n<div id=\"col-gm3bb396\" class=\"wp-block-gutentor-m4-col col-gm3bb396 gutentor-single-column  grid-lg-12 grid-md-12 grid-12\"><div id=\"section-gm3bb396\" class=\"section-gm3bb396 gutentor-col-wrap\"><style id=\"wpforms-css-vars-root\">\n\t\t\t\t:root {\n\t\t\t\t\t--wpforms-field-border-radius: 3px;\n--wpforms-field-background-color: #ffffff;\n--wpforms-field-border-color: rgba( 0, 0, 0, 0.25 );\n--wpforms-field-text-color: rgba( 0, 0, 0, 0.7 );\n--wpforms-label-color: rgba( 0, 0, 0, 0.85 );\n--wpforms-label-sublabel-color: rgba( 0, 0, 0, 0.55 );\n--wpforms-label-error-color: #d63637;\n--wpforms-button-border-radius: 3px;\n--wpforms-button-background-color: #066aab;\n--wpforms-button-text-color: #ffffff;\n--wpforms-field-size-input-height: 43px;\n--wpforms-field-size-input-spacing: 15px;\n--wpforms-field-size-font-size: 16px;\n--wpforms-field-size-line-height: 19px;\n--wpforms-field-size-padding-h: 14px;\n--wpforms-field-size-checkbox-size: 16px;\n--wpforms-field-size-sublabel-spacing: 5px;\n--wpforms-field-size-icon-size: 1;\n--wpforms-label-size-font-size: 16px;\n--wpforms-label-size-line-height: 19px;\n--wpforms-label-size-sublabel-font-size: 14px;\n--wpforms-label-size-sublabel-line-height: 17px;\n--wpforms-button-size-font-size: 17px;\n--wpforms-button-size-height: 41px;\n--wpforms-button-size-padding-h: 15px;\n--wpforms-button-size-margin-top: 10px;\n\n\t\t\t\t}\n\t\t\t<\/style><div class=\"wpforms-container wpforms-container-full wpforms-block wpforms-block-3d49382c-6dbf-44d7-9e4f-b32d19a61832 wpforms-render-modern\" id=\"wpforms-540\"><form id=\"wpforms-form-540\" class=\"wpforms-validate wpforms-form wpforms-ajax-form\" data-formid=\"540\" method=\"post\" enctype=\"multipart\/form-data\" action=\"\/content\/wp-json\/wp\/v2\/pages\/544\" data-token=\"60b140c497b9a0c49ba532e0cefb011b\"><noscript class=\"wpforms-error-noscript\">Bitte aktiviere JavaScript in deinem Browser, um dieses Formular fertigzustellen.<\/noscript><div class=\"wpforms-hidden\" id=\"wpforms-error-noscript\">Bitte aktiviere JavaScript in deinem Browser, um dieses Formular fertigzustellen.<\/div><div class=\"wpforms-field-container\"><div id=\"wpforms-540-field_0-container\" class=\"wpforms-field wpforms-field-name\" data-field-id=\"0\"><fieldset><legend class=\"wpforms-field-label\">Name <span class=\"wpforms-required-label\" aria-hidden=\"true\">*<\/span><\/legend><div class=\"wpforms-field-row wpforms-field-medium\"><div class=\"wpforms-field-row-block wpforms-first wpforms-one-half\"><input type=\"text\" id=\"wpforms-540-field_0\" class=\"wpforms-field-name-first wpforms-field-required\" name=\"wpforms[fields][0][first]\" aria-errormessage=\"wpforms-540-field_0-error\" required><label for=\"wpforms-540-field_0\" class=\"wpforms-field-sublabel after \">Vorname<\/label><\/div><div class=\"wpforms-field-row-block wpforms-one-half\"><input type=\"text\" id=\"wpforms-540-field_0-last\" class=\"wpforms-field-name-last wpforms-field-required\" name=\"wpforms[fields][0][last]\" aria-errormessage=\"wpforms-540-field_0-last-error\" required><label for=\"wpforms-540-field_0-last\" class=\"wpforms-field-sublabel after \">Nachname<\/label><\/div><\/div><\/fieldset><\/div><div id=\"wpforms-540-field_1-container\" class=\"wpforms-field wpforms-field-email\" data-field-id=\"1\"><label class=\"wpforms-field-label\" for=\"wpforms-540-field_1\">E-Mail <span class=\"wpforms-required-label\" aria-hidden=\"true\">*<\/span><\/label><input type=\"email\" id=\"wpforms-540-field_1\" class=\"wpforms-field-medium wpforms-field-required\" name=\"wpforms[fields][1]\" spellcheck=\"false\" aria-errormessage=\"wpforms-540-field_1-error\" required><\/div><div id=\"wpforms-540-field_3-container\" class=\"wpforms-field wpforms-field-text\" data-field-id=\"3\"><label class=\"wpforms-field-label\" for=\"wpforms-540-field_3\">Telefon<\/label><input type=\"text\" id=\"wpforms-540-field_3\" class=\"wpforms-field-medium\" name=\"wpforms[fields][3]\" aria-errormessage=\"wpforms-540-field_3-error\" ><\/div><div id=\"wpforms-540-field_4-container\" class=\"wpforms-field wpforms-field-text\" data-field-id=\"4\"><label class=\"wpforms-field-label\" for=\"wpforms-540-field_4\">Stra\u00dfe, Hausnummer<\/label><input type=\"text\" id=\"wpforms-540-field_4\" class=\"wpforms-field-medium\" name=\"wpforms[fields][4]\" aria-errormessage=\"wpforms-540-field_4-error\" ><\/div><div id=\"wpforms-540-field_5-container\" class=\"wpforms-field wpforms-field-text\" data-field-id=\"5\"><label class=\"wpforms-field-label\" for=\"wpforms-540-field_5\">Wo ist welcher Schaden aufgetreten?<\/label><input type=\"text\" id=\"wpforms-540-field_5\" class=\"wpforms-field-medium\" name=\"wpforms[fields][5]\" aria-errormessage=\"wpforms-540-field_5-error\" ><\/div><div id=\"wpforms-540-field_6-container\" class=\"wpforms-field wpforms-field-text\" data-field-id=\"6\"><label class=\"wpforms-field-label\" for=\"wpforms-540-field_6\">Wann ist das passiert?<\/label><input type=\"text\" id=\"wpforms-540-field_6\" class=\"wpforms-field-medium\" name=\"wpforms[fields][6]\" aria-errormessage=\"wpforms-540-field_6-error\" ><\/div><div id=\"wpforms-540-field_2-container\" class=\"wpforms-field wpforms-field-textarea\" data-field-id=\"2\"><label class=\"wpforms-field-label\" for=\"wpforms-540-field_2\">Weitere Hinweise<\/label><textarea id=\"wpforms-540-field_2\" class=\"wpforms-field-medium\" name=\"wpforms[fields][2]\" aria-errormessage=\"wpforms-540-field_2-error\" ><\/textarea><\/div><\/div><!-- .wpforms-field-container --><div class=\"wpforms-submit-container\" ><input type=\"hidden\" name=\"wpforms[id]\" value=\"540\"><input type=\"hidden\" name=\"wpforms[author]\" value=\"2\"><button type=\"submit\" name=\"wpforms[submit]\" id=\"wpforms-submit-540\" class=\"wpforms-submit\" data-alt-text=\"Senden\u2026\" data-submit-text=\"absenden\" aria-live=\"assertive\" value=\"wpforms-submit\">absenden<\/button><img loading=\"lazy\" decoding=\"async\" src=\"https:\/\/gewobau-sulzbach.de\/content\/wp-content\/plugins\/wpforms-lite\/assets\/images\/submit-spin.svg\" class=\"wpforms-submit-spinner\" style=\"display: none;\" width=\"26\" height=\"26\" alt=\"Wird geladen\"><\/div><\/form><\/div>  <!-- .wpforms-container --><\/div><\/div>\n<\/div><\/div><\/section>\n","protected":false},"excerpt":{"rendered":"","protected":false},"author":2,"featured_media":0,"parent":0,"menu_order":0,"comment_status":"closed","ping_status":"closed","template":"template-gutentor-full-width.php","meta":{"footnotes":""},"class_list":["post-544","page","type-page","status-publish","hentry"],"_links":{"self":[{"href":"https:\/\/gewobau-sulzbach.de\/content\/wp-json\/wp\/v2\/pages\/544","targetHints":{"allow":["GET"]}}],"collection":[{"href":"https:\/\/gewobau-sulzbach.de\/content\/wp-json\/wp\/v2\/pages"}],"about":[{"href":"https:\/\/gewobau-sulzbach.de\/content\/wp-json\/wp\/v2\/types\/page"}],"author":[{"embeddable":true,"href":"https:\/\/gewobau-sulzbach.de\/content\/wp-json\/wp\/v2\/users\/2"}],"replies":[{"embeddable":true,"href":"https:\/\/gewobau-sulzbach.de\/content\/wp-json\/wp\/v2\/comments?post=544"}],"version-history":[{"count":5,"href":"https:\/\/gewobau-sulzbach.de\/content\/wp-json\/wp\/v2\/pages\/544\/revisions"}],"predecessor-version":[{"id":729,"href":"https:\/\/gewobau-sulzbach.de\/content\/wp-json\/wp\/v2\/pages\/544\/revisions\/729"}],"wp:attachment":[{"href":"https:\/\/gewobau-sulzbach.de\/content\/wp-json\/wp\/v2\/media?parent=544"}],"curies":[{"name":"wp","href":"https:\/\/api.w.org\/{rel}","templated":true}]}}