{"id":578,"date":"2023-12-01T16:34:16","date_gmt":"2023-12-01T15:34:16","guid":{"rendered":"https:\/\/grafix-dezign.de\/gewobau-sulzbach\/?page_id=578"},"modified":"2024-01-19T17:28:54","modified_gmt":"2024-01-19T16:28:54","slug":"eschborner-strasse","status":"publish","type":"page","link":"https:\/\/gewobau-sulzbach.de\/content\/eschborner-strasse\/","title":{"rendered":"Eschborner Stra\u00dfe"},"content":{"rendered":"\n<div id=\"section-g710df1\" class=\"wp-block-gutentor-e6 section-g710df1 gutentor-element gutentor-element-image\"><div class=\"gutentor-element-image-box\"><div class=\"gutentor-bg-image\"><\/div><\/div><\/div>\n\n\n\n<section id=\"gmfe6f7ce\" class=\"wp-block-gutentor-m4 section-gmfe6f7ce gutentor-module gutentor-advanced-columns has-image-bg has-custom-bg\"><div class=\"grid-container\"><div class=\"grid-row\">\n<div id=\"col-gmd73c66\" class=\"wp-block-gutentor-m4-col col-gmd73c66 gutentor-single-column  grid-lg-12 grid-md-12 grid-12\"><div id=\"section-gmd73c66\" class=\"section-gmd73c66 gutentor-col-wrap\">\n<div id=\"section-g03290d\" class=\"wp-block-gutentor-e1 section-g03290d gutentor-element gutentor-element-advanced-text\"><div class=\"gutentor-text-wrap\"><h2 class=\"gutentor-text\">Objekte Eschborner Stra\u00dfe<\/h2><\/div><\/div>\n\n\n\n<div id=\"section-gaa938b\" class=\"wp-block-gutentor-e1 section-gaa938b gutentor-element gutentor-element-advanced-text\"><div class=\"gutentor-text-wrap\"><p class=\"gutentor-text\"><br>Die Eschborner Stra\u00dfe liegt im \u00e4lteren Teil der Gemeinde Sulzbach (Ts.).&nbsp; Die Wohnungen in der Eschborner Str. 2, 8, 10-16 haben Wohnf\u00e4chen von 39 m\u00b2 und 66 m\u00b2. Teilweise haben die Mieterinnen und Mieter die M\u00f6glichkeit, Gartenanteile zu nutzen. &nbsp;Von der Eschborner Str. aus kann die S-Bahn-Station \u201eSulzbach Mitte\u201c und eine Bushaltestelle erreicht werden. Alle Wohnungen und H\u00e4user wurden gr\u00fcndlich modernisiert und saniert und entsprechen den heutigen Anforderungen an zeitgem\u00e4\u00dfes Wohnen.<\/p><\/div><\/div>\n<\/div><\/div>\n<\/div><\/div><\/section>\n\n\n\n<section id=\"section-fb1f73bf-53c4-49ff-8ea6-88273ee5b9f2\" class=\"wp-block-gutentor-image-box gutentor-section gutentor-image-wrapper imagebox-template1\"><div class=\"grid-container\"><div class=\"grid-row gutentor-grid-item-wrap\"><div class=\"gutentor-grid-column grid-lg-6 grid-md-4 grid-12\"><div class=\"gutentor-single-item gutentor-image gutentor-single-item-0\"><div class=\"gutentor-single-item-wrap\"><div class=\"gutentor-single-item-image-box\"><div class=\"gutentor-image-thumb\"><img loading=\"lazy\" decoding=\"async\" class=\"normal-image\" src=\"https:\/\/grafix-dezign.de\/gewobau-sulzbach\/wp-content\/uploads\/2023\/12\/eschbornerstrasse-teaser.jpg\" alt=\"\" height=\"400\" width=\"600\"\/><\/div><\/div><div class=\"gutentor-single-item-content\"><h3 class=\"gutentor-single-item-title\">Eschborner Stra\u00dfe 2<\/h3><p class=\"gutentor-single-item-desc\">Mehrfamilienhaus mit 6 Wohnungen und Wohnfl\u00e4chen von 40m\u00b2 bis 47m\u00b2<br><\/p><\/div><\/div><\/div><\/div><div class=\"gutentor-grid-column grid-lg-6 grid-md-4 grid-12\"><div class=\"gutentor-single-item gutentor-image gutentor-single-item-1\"><div class=\"gutentor-single-item-wrap\"><div class=\"gutentor-single-item-image-box\"><div class=\"gutentor-image-thumb\"><img loading=\"lazy\" decoding=\"async\" class=\"normal-image\" src=\"https:\/\/grafix-dezign.de\/gewobau-sulzbach\/wp-content\/uploads\/2023\/12\/eschborner8-teaser.jpg\" alt=\"\" height=\"400\" width=\"600\"\/><\/div><\/div><div class=\"gutentor-single-item-content\"><h3 class=\"gutentor-single-item-title\">Eschborner Stra\u00dfe 8<\/h3><p class=\"gutentor-single-item-desc\">Mehrfamilienhaus mit 6 Wohnungen und Wohnfl\u00e4chen von 42m\u00b2 bis 60m\u00b2 sowie Gartenanteil<\/p><\/div><\/div><\/div><\/div><div class=\"gutentor-grid-column grid-lg-6 grid-md-4 grid-12\"><div class=\"gutentor-single-item gutentor-image gutentor-single-item-2\"><div class=\"gutentor-single-item-wrap\"><div class=\"gutentor-single-item-image-box\"><div class=\"gutentor-image-thumb\"><img loading=\"lazy\" decoding=\"async\" class=\"normal-image\" src=\"https:\/\/grafix-dezign.de\/gewobau-sulzbach\/wp-content\/uploads\/2023\/12\/eschborner10.jpg\" alt=\"\" height=\"400\" width=\"600\"\/><\/div><\/div><div class=\"gutentor-single-item-content\"><h3 class=\"gutentor-single-item-title\">Eschborner Stra\u00dfe 10, 12<\/h3><p class=\"gutentor-single-item-desc\">Einfamilienhaus mit einer Wohnfl\u00e4che von 66m\u00b2 und Gartenanteil<\/p><\/div><\/div><\/div><\/div><div class=\"gutentor-grid-column grid-lg-6 grid-md-4 grid-12\"><div class=\"gutentor-single-item gutentor-image gutentor-single-item-3\"><div class=\"gutentor-single-item-wrap\"><div class=\"gutentor-single-item-image-box\"><div class=\"gutentor-image-thumb\"><img loading=\"lazy\" decoding=\"async\" class=\"normal-image\" src=\"https:\/\/grafix-dezign.de\/gewobau-sulzbach\/wp-content\/uploads\/2023\/12\/eschborner-1.jpg\" alt=\"\" height=\"400\" width=\"600\"\/><\/div><\/div><div class=\"gutentor-single-item-content\"><h3 class=\"gutentor-single-item-title\">Eschborner Stra\u00dfe 12,14,16<\/h3><p class=\"gutentor-single-item-desc\">Einfamilienhaus mit einer Wohnfl\u00e4che von 66m\u00b2 und Gartenanteil<\/p><\/div><\/div><\/div><\/div><\/div><\/div><\/section>\n","protected":false},"excerpt":{"rendered":"","protected":false},"author":2,"featured_media":0,"parent":0,"menu_order":0,"comment_status":"closed","ping_status":"closed","template":"template-gutentor-full-width.php","meta":{"footnotes":""},"class_list":["post-578","page","type-page","status-publish","hentry"],"_links":{"self":[{"href":"https:\/\/gewobau-sulzbach.de\/content\/wp-json\/wp\/v2\/pages\/578","targetHints":{"allow":["GET"]}}],"collection":[{"href":"https:\/\/gewobau-sulzbach.de\/content\/wp-json\/wp\/v2\/pages"}],"about":[{"href":"https:\/\/gewobau-sulzbach.de\/content\/wp-json\/wp\/v2\/types\/page"}],"author":[{"embeddable":true,"href":"https:\/\/gewobau-sulzbach.de\/content\/wp-json\/wp\/v2\/users\/2"}],"replies":[{"embeddable":true,"href":"https:\/\/gewobau-sulzbach.de\/content\/wp-json\/wp\/v2\/comments?post=578"}],"version-history":[{"count":11,"href":"https:\/\/gewobau-sulzbach.de\/content\/wp-json\/wp\/v2\/pages\/578\/revisions"}],"predecessor-version":[{"id":759,"href":"https:\/\/gewobau-sulzbach.de\/content\/wp-json\/wp\/v2\/pages\/578\/revisions\/759"}],"wp:attachment":[{"href":"https:\/\/gewobau-sulzbach.de\/content\/wp-json\/wp\/v2\/media?parent=578"}],"curies":[{"name":"wp","href":"https:\/\/api.w.org\/{rel}","templated":true}]}}