{"id":614,"date":"2023-12-03T12:50:12","date_gmt":"2023-12-03T11:50:12","guid":{"rendered":"https:\/\/grafix-dezign.de\/gewobau-sulzbach\/?page_id=614"},"modified":"2024-01-19T17:29:21","modified_gmt":"2024-01-19T16:29:21","slug":"im-bruehl","status":"publish","type":"page","link":"https:\/\/gewobau-sulzbach.de\/content\/im-bruehl\/","title":{"rendered":"Im Br\u00fchl"},"content":{"rendered":"\n<div id=\"section-g666867\" class=\"wp-block-gutentor-e6 section-g666867 gutentor-element gutentor-element-image\"><div class=\"gutentor-element-image-box\"><div class=\"gutentor-bg-image\"><\/div><\/div><\/div>\n\n\n\n<section id=\"gmc1370c5\" class=\"wp-block-gutentor-m4 section-gmc1370c5 gutentor-module gutentor-advanced-columns has-image-bg has-custom-bg\"><div class=\"grid-container\"><div class=\"grid-row\">\n<div id=\"col-gm76eadb\" class=\"wp-block-gutentor-m4-col col-gm76eadb gutentor-single-column  grid-lg-12 grid-md-12 grid-12\"><div id=\"section-gm76eadb\" class=\"section-gm76eadb gutentor-col-wrap\">\n<div id=\"section-gc2e3f7\" class=\"wp-block-gutentor-e1 section-gc2e3f7 gutentor-element gutentor-element-advanced-text\"><div class=\"gutentor-text-wrap\"><h2 class=\"gutentor-text\">Objekte Im Br\u00fchl<\/h2><\/div><\/div>\n\n\n\n<div id=\"section-g4fca92\" class=\"wp-block-gutentor-e1 section-g4fca92 gutentor-element gutentor-element-advanced-text\"><div class=\"gutentor-text-wrap\"><p class=\"gutentor-text\">Die Stra\u00dfe \u201eIm Br\u00fchl\u201c ist eine ruhige Seitenstra\u00dfe der Eschborner Stra\u00dfe.&nbsp; Die Wohnungen in den H\u00e4usern \u201eIm Br\u00fchl\u201c 1und 2 sind zwischen ca. 40 m\u00b2 und ca. 53 m\u00b2 gro\u00df. Von der Stra\u00dfe \u201eIm Br\u00fchl\u201c aus k\u00f6nnen in einigen Minuten die S-Bahn-Station und eine Bushaltestelle erreicht werden.<\/p><\/div><\/div>\n<\/div><\/div>\n<\/div><\/div><\/section>\n\n\n\n<section id=\"section-ab653049-ef3b-468b-8ceb-a3534f621107\" class=\"wp-block-gutentor-image-box gutentor-section gutentor-image-wrapper imagebox-template1\"><div class=\"grid-container\"><div class=\"grid-row gutentor-grid-item-wrap\"><div class=\"gutentor-grid-column grid-lg-6 grid-md-4 grid-12\"><div class=\"gutentor-single-item gutentor-image gutentor-single-item-0\"><div class=\"gutentor-single-item-wrap\"><div class=\"gutentor-single-item-image-box\"><div class=\"gutentor-image-thumb\"><img loading=\"lazy\" decoding=\"async\" class=\"normal-image\" src=\"https:\/\/grafix-dezign.de\/gewobau-sulzbach\/wp-content\/uploads\/2023\/12\/bruehl-teaser.jpg\" alt=\"\" height=\"400\" width=\"600\"\/><\/div><\/div><div class=\"gutentor-single-item-content\"><h3 class=\"gutentor-single-item-title\">Im Br\u00fchl 1<\/h3><p class=\"gutentor-single-item-desc\">Mehrfamilienhaus mit 3 Wohnungen und Wohnfl\u00e4chen von 39m\u00b2 bis 46m\u00b2<\/p><\/div><\/div><\/div><\/div><div class=\"gutentor-grid-column grid-lg-6 grid-md-4 grid-12\"><div class=\"gutentor-single-item gutentor-image gutentor-single-item-1\"><div class=\"gutentor-single-item-wrap\"><div class=\"gutentor-single-item-image-box\"><div class=\"gutentor-image-thumb\"><img loading=\"lazy\" decoding=\"async\" class=\"normal-image\" src=\"https:\/\/grafix-dezign.de\/gewobau-sulzbach\/wp-content\/uploads\/2023\/12\/im-buehl2-teaser.jpg\" alt=\"\" height=\"400\" width=\"600\"\/><\/div><\/div><div class=\"gutentor-single-item-content\"><h3 class=\"gutentor-single-item-title\">Im Br\u00fchl 3<\/h3><p class=\"gutentor-single-item-desc\">Mehrfamilienhaus mit 6 Wohnungen und Wohnfl\u00e4chen von 36m\u00b2 bis 54m\u00b2<\/p><\/div><\/div><\/div><\/div><\/div><\/div><\/section>\n","protected":false},"excerpt":{"rendered":"","protected":false},"author":2,"featured_media":0,"parent":0,"menu_order":0,"comment_status":"closed","ping_status":"closed","template":"template-gutentor-full-width.php","meta":{"footnotes":""},"class_list":["post-614","page","type-page","status-publish","hentry"],"_links":{"self":[{"href":"https:\/\/gewobau-sulzbach.de\/content\/wp-json\/wp\/v2\/pages\/614","targetHints":{"allow":["GET"]}}],"collection":[{"href":"https:\/\/gewobau-sulzbach.de\/content\/wp-json\/wp\/v2\/pages"}],"about":[{"href":"https:\/\/gewobau-sulzbach.de\/content\/wp-json\/wp\/v2\/types\/page"}],"author":[{"embeddable":true,"href":"https:\/\/gewobau-sulzbach.de\/content\/wp-json\/wp\/v2\/users\/2"}],"replies":[{"embeddable":true,"href":"https:\/\/gewobau-sulzbach.de\/content\/wp-json\/wp\/v2\/comments?post=614"}],"version-history":[{"count":6,"href":"https:\/\/gewobau-sulzbach.de\/content\/wp-json\/wp\/v2\/pages\/614\/revisions"}],"predecessor-version":[{"id":760,"href":"https:\/\/gewobau-sulzbach.de\/content\/wp-json\/wp\/v2\/pages\/614\/revisions\/760"}],"wp:attachment":[{"href":"https:\/\/gewobau-sulzbach.de\/content\/wp-json\/wp\/v2\/media?parent=614"}],"curies":[{"name":"wp","href":"https:\/\/api.w.org\/{rel}","templated":true}]}}