{"id":621,"date":"2023-12-03T14:26:57","date_gmt":"2023-12-03T13:26:57","guid":{"rendered":"https:\/\/grafix-dezign.de\/gewobau-sulzbach\/?page_id=621"},"modified":"2024-01-19T17:29:58","modified_gmt":"2024-01-19T16:29:58","slug":"jahnstrasse","status":"publish","type":"page","link":"https:\/\/gewobau-sulzbach.de\/content\/jahnstrasse\/","title":{"rendered":"Jahnstra\u00dfe"},"content":{"rendered":"\n<div id=\"section-g840230\" class=\"wp-block-gutentor-e6 section-g840230 gutentor-element gutentor-element-image\"><div class=\"gutentor-element-image-box\"><div class=\"gutentor-bg-image\"><\/div><\/div><\/div>\n\n\n\n<section id=\"gm2294ceb\" class=\"wp-block-gutentor-m4 section-gm2294ceb gutentor-module gutentor-advanced-columns has-image-bg has-custom-bg\"><div class=\"grid-container\"><div class=\"grid-row\">\n<div id=\"col-gmb1afb7\" class=\"wp-block-gutentor-m4-col col-gmb1afb7 gutentor-single-column  grid-lg-12 grid-md-12 grid-12\"><div id=\"section-gmb1afb7\" class=\"section-gmb1afb7 gutentor-col-wrap\">\n<div id=\"section-gdbc418\" class=\"wp-block-gutentor-e1 section-gdbc418 gutentor-element gutentor-element-advanced-text\"><div class=\"gutentor-text-wrap\"><h2 class=\"gutentor-text\">Unsere Objekte in der Jahnstra\u00dfe<\/h2><\/div><\/div>\n\n\n\n<div id=\"section-g35279e\" class=\"wp-block-gutentor-e1 section-g35279e gutentor-element gutentor-element-advanced-text\"><div class=\"gutentor-text-wrap\"><p class=\"gutentor-text\">&nbsp;<br>In der Jahnstra\u00dfe befinden sich drei Mehrfamilienh\u00e4user Nr. 6, Nr. 8 und Nr. 8a mit jeweils neun Wohnungen.<br>Alle Wohnungen entsprechen den heutigen Anforderungen. Energetische Ma\u00dfnahmen an und in den H\u00e4usern wurden durchgef\u00fchrt. Das Haus Jahnstr. 8a ist mit einer Solaranlage ausgestattet.<\/p><\/div><\/div>\n<\/div><\/div>\n<\/div><\/div><\/section>\n\n\n\n<section id=\"section-563a3e1a-c1ec-4452-9a07-88f70e58948c\" class=\"wp-block-gutentor-image-box gutentor-section gutentor-image-wrapper imagebox-template1\"><div class=\"grid-container\"><div class=\"grid-row gutentor-grid-item-wrap\"><div class=\"gutentor-grid-column grid-lg-6 grid-md-4 grid-12\"><div class=\"gutentor-single-item gutentor-image gutentor-single-item-0\"><div class=\"gutentor-single-item-wrap\"><div class=\"gutentor-single-item-image-box\"><div class=\"gutentor-image-thumb\"><img loading=\"lazy\" decoding=\"async\" class=\"normal-image\" src=\"https:\/\/grafix-dezign.de\/gewobau-sulzbach\/wp-content\/uploads\/2023\/12\/jahnstrasse-6-teaser.jpg\" alt=\"\" height=\"400\" width=\"600\"\/><\/div><\/div><div class=\"gutentor-single-item-content\"><h3 class=\"gutentor-single-item-title\">Jahnstra\u00dfe 6<\/h3><p class=\"gutentor-single-item-desc\">Mehrfamilienhaus mit 9 Wohnungen. Die Wohnungen haben eine Wohnfl\u00e4che von 47m\u00b2 bis 63m\u00b2.<\/p><\/div><\/div><\/div><\/div><div class=\"gutentor-grid-column grid-lg-6 grid-md-4 grid-12\"><div class=\"gutentor-single-item gutentor-image gutentor-single-item-1\"><div class=\"gutentor-single-item-wrap\"><div class=\"gutentor-single-item-image-box\"><div class=\"gutentor-image-thumb\"><img loading=\"lazy\" decoding=\"async\" class=\"normal-image\" src=\"https:\/\/grafix-dezign.de\/gewobau-sulzbach\/wp-content\/uploads\/2023\/12\/jahn8und8a-teaser.jpg\" alt=\"\" height=\"400\" width=\"600\"\/><\/div><\/div><div class=\"gutentor-single-item-content\"><h3 class=\"gutentor-single-item-title\">Jahnstra\u00dfe 8 und 8a<\/h3><p class=\"gutentor-single-item-desc\">Zwei Mehrfamilienh\u00e4user mit jeweils 9 Wohnungen. Die Wohnungen haben eine Wohnfl\u00e4che von 44m\u00b2 bis 55m\u00b2.<\/p><\/div><\/div><\/div><\/div><div class=\"gutentor-grid-column grid-lg-6 grid-md-4 grid-12\"><div class=\"gutentor-single-item gutentor-image gutentor-single-item-2\"><div class=\"gutentor-single-item-wrap\"><div class=\"gutentor-single-item-image-box\"><div class=\"gutentor-image-thumb\"><img loading=\"lazy\" decoding=\"async\" class=\"normal-image\" src=\"https:\/\/grafix-dezign.de\/gewobau-sulzbach\/wp-content\/uploads\/2023\/12\/Jahnstrasse8a-teaser.jpg\" alt=\"\" height=\"636\" width=\"600\"\/><\/div><\/div><div class=\"gutentor-single-item-content\"><h3 class=\"gutentor-single-item-title\">Eingangsbereich Jahnstra\u00dfe 8 und 8a<\/h3><p class=\"gutentor-single-item-desc\"><\/p><\/div><\/div><\/div><\/div><\/div><\/div><\/section>\n","protected":false},"excerpt":{"rendered":"","protected":false},"author":2,"featured_media":0,"parent":0,"menu_order":0,"comment_status":"closed","ping_status":"closed","template":"template-gutentor-full-width.php","meta":{"footnotes":""},"class_list":["post-621","page","type-page","status-publish","hentry"],"_links":{"self":[{"href":"https:\/\/gewobau-sulzbach.de\/content\/wp-json\/wp\/v2\/pages\/621","targetHints":{"allow":["GET"]}}],"collection":[{"href":"https:\/\/gewobau-sulzbach.de\/content\/wp-json\/wp\/v2\/pages"}],"about":[{"href":"https:\/\/gewobau-sulzbach.de\/content\/wp-json\/wp\/v2\/types\/page"}],"author":[{"embeddable":true,"href":"https:\/\/gewobau-sulzbach.de\/content\/wp-json\/wp\/v2\/users\/2"}],"replies":[{"embeddable":true,"href":"https:\/\/gewobau-sulzbach.de\/content\/wp-json\/wp\/v2\/comments?post=621"}],"version-history":[{"count":6,"href":"https:\/\/gewobau-sulzbach.de\/content\/wp-json\/wp\/v2\/pages\/621\/revisions"}],"predecessor-version":[{"id":761,"href":"https:\/\/gewobau-sulzbach.de\/content\/wp-json\/wp\/v2\/pages\/621\/revisions\/761"}],"wp:attachment":[{"href":"https:\/\/gewobau-sulzbach.de\/content\/wp-json\/wp\/v2\/media?parent=621"}],"curies":[{"name":"wp","href":"https:\/\/api.w.org\/{rel}","templated":true}]}}