{"id":644,"date":"2023-12-05T10:12:02","date_gmt":"2023-12-05T09:12:02","guid":{"rendered":"https:\/\/grafix-dezign.de\/gewobau-sulzbach\/?page_id=644"},"modified":"2024-01-19T17:31:11","modified_gmt":"2024-01-19T16:31:11","slug":"schwalbacher-strasse","status":"publish","type":"page","link":"https:\/\/gewobau-sulzbach.de\/content\/schwalbacher-strasse\/","title":{"rendered":"Schwalbacher Stra\u00dfe"},"content":{"rendered":"\n<div id=\"section-g037137\" class=\"wp-block-gutentor-e6 section-g037137 gutentor-element gutentor-element-image\"><div class=\"gutentor-element-image-box\"><div class=\"gutentor-bg-image\"><\/div><\/div><\/div>\n\n\n\n<section id=\"gmaf10c6e\" class=\"wp-block-gutentor-m4 section-gmaf10c6e gutentor-module gutentor-advanced-columns has-image-bg has-custom-bg\"><div class=\"grid-container\"><div class=\"grid-row\">\n<div id=\"col-gm58c34b\" class=\"wp-block-gutentor-m4-col col-gm58c34b gutentor-single-column  grid-lg-12 grid-md-12 grid-12\"><div id=\"section-gm58c34b\" class=\"section-gm58c34b gutentor-col-wrap\">\n<div id=\"section-g1bca3e\" class=\"wp-block-gutentor-e1 section-g1bca3e gutentor-element gutentor-element-advanced-text\"><div class=\"gutentor-text-wrap\"><h2 class=\"gutentor-text\">Objekte Schwalbacher Stra\u00dfe<\/h2><\/div><\/div>\n\n\n\n<div id=\"section-gd18eee\" class=\"wp-block-gutentor-e1 section-gd18eee gutentor-element gutentor-element-advanced-text\"><div class=\"gutentor-text-wrap\"><p class=\"gutentor-text\">In der Schwalbacher Stra\u00dfe befinden sich die H\u00e4user Nr. 31 und Nr. 33. Das Haus Schwalbacher Str. 31 verf\u00fcgt \u00fcber 7 Wohnungen. Die Gesch\u00e4ftsstelle der Gemeinn\u00fctzigen Wohnungsbaugenossenschaft eG befindet sich im ersten Obergeschoss des Hauses.<br>Das Haus Schwalbacher Str. 33 wurde im Rahmen des sozialen Wohnungsbaues errichtet. Alle 8 Wohnungen befinden sich noch in der sogenannten \u201eBindung\u201c und k\u00f6nnen nur mit einem \u201eBerechtigungsschein\u201c gemietet werden.<br><br>Alle unsere Wohnungen und H\u00e4user wurden gr\u00fcndlich modernisiert und saniert und entsprechen den heutigen Anforderungen an zeitgem\u00e4\u00dfes Wohnen. <\/p><\/div><\/div>\n<\/div><\/div>\n<\/div><\/div><\/section>\n\n\n\n<section id=\"section-3a770b3e-64c2-4f34-947d-a88b23192602\" class=\"wp-block-gutentor-image-box gutentor-section gutentor-image-wrapper imagebox-template1\"><div class=\"grid-container\"><div class=\"grid-row gutentor-grid-item-wrap\"><div class=\"gutentor-grid-column grid-lg-6 grid-md-4 grid-12\"><div class=\"gutentor-single-item gutentor-image gutentor-single-item-0\"><div class=\"gutentor-single-item-wrap\"><div class=\"gutentor-single-item-image-box\"><div class=\"gutentor-image-thumb\"><img loading=\"lazy\" decoding=\"async\" class=\"normal-image\" src=\"https:\/\/grafix-dezign.de\/gewobau-sulzbach\/wp-content\/uploads\/2023\/12\/Schwalbacher-Strasse-31.jpg\" alt=\"\" height=\"400\" width=\"600\"\/><\/div><\/div><div class=\"gutentor-single-item-content\"><h3 class=\"gutentor-single-item-title\"><strong>Schwalbacher Stra\u00dfe 31<\/strong><\/h3><p class=\"gutentor-single-item-desc\">Mehrfamilienhaus mit 7 Wohnungen. Die Wohnungen haben Wohnfl\u00e4chen von 40m\u00b2 bis 58m\u00b2.<\/p><\/div><\/div><\/div><\/div><div class=\"gutentor-grid-column grid-lg-6 grid-md-4 grid-12\"><div class=\"gutentor-single-item gutentor-image gutentor-single-item-1\"><div class=\"gutentor-single-item-wrap\"><div class=\"gutentor-single-item-image-box\"><div class=\"gutentor-image-thumb\"><img loading=\"lazy\" decoding=\"async\" class=\"normal-image\" src=\"https:\/\/grafix-dezign.de\/gewobau-sulzbach\/wp-content\/uploads\/2023\/12\/Schwalbacher-Strasse-33.jpg\" alt=\"\" height=\"400\" width=\"600\"\/><\/div><\/div><div class=\"gutentor-single-item-content\"><h3 class=\"gutentor-single-item-title\"><strong>Schwalbacher Stra\u00dfe 33<\/strong><\/h3><p class=\"gutentor-single-item-desc\">Mehrfamilienhaus mit 8 Wohnungen und Wohnfl\u00e4chen von 64m\u00b2 bis 100m\u00b2 und einem Balkon.<\/p><\/div><\/div><\/div><\/div><div class=\"gutentor-grid-column grid-lg-6 grid-md-4 grid-12\"><div class=\"gutentor-single-item gutentor-image gutentor-single-item-2\"><div class=\"gutentor-single-item-wrap\"><div class=\"gutentor-single-item-image-box\"><div class=\"gutentor-image-thumb\"><img loading=\"lazy\" decoding=\"async\" class=\"normal-image\" src=\"https:\/\/grafix-dezign.de\/gewobau-sulzbach\/wp-content\/uploads\/2023\/12\/Zu-den-Parkplaetzen-Schwalb.jpg\" alt=\"\" height=\"400\" width=\"600\"\/><\/div><\/div><div class=\"gutentor-single-item-content\"><h3 class=\"gutentor-single-item-title\">Schwalbacher Stra\u00dfe 31 und 33<\/h3><p class=\"gutentor-single-item-desc\">Zufahrt zu den Parkpl\u00e4tzen<\/p><\/div><\/div><\/div><\/div><\/div><\/div><\/section>\n","protected":false},"excerpt":{"rendered":"","protected":false},"author":2,"featured_media":0,"parent":0,"menu_order":0,"comment_status":"closed","ping_status":"closed","template":"template-gutentor-full-width.php","meta":{"footnotes":""},"class_list":["post-644","page","type-page","status-publish","hentry"],"_links":{"self":[{"href":"https:\/\/gewobau-sulzbach.de\/content\/wp-json\/wp\/v2\/pages\/644","targetHints":{"allow":["GET"]}}],"collection":[{"href":"https:\/\/gewobau-sulzbach.de\/content\/wp-json\/wp\/v2\/pages"}],"about":[{"href":"https:\/\/gewobau-sulzbach.de\/content\/wp-json\/wp\/v2\/types\/page"}],"author":[{"embeddable":true,"href":"https:\/\/gewobau-sulzbach.de\/content\/wp-json\/wp\/v2\/users\/2"}],"replies":[{"embeddable":true,"href":"https:\/\/gewobau-sulzbach.de\/content\/wp-json\/wp\/v2\/comments?post=644"}],"version-history":[{"count":6,"href":"https:\/\/gewobau-sulzbach.de\/content\/wp-json\/wp\/v2\/pages\/644\/revisions"}],"predecessor-version":[{"id":762,"href":"https:\/\/gewobau-sulzbach.de\/content\/wp-json\/wp\/v2\/pages\/644\/revisions\/762"}],"wp:attachment":[{"href":"https:\/\/gewobau-sulzbach.de\/content\/wp-json\/wp\/v2\/media?parent=644"}],"curies":[{"name":"wp","href":"https:\/\/api.w.org\/{rel}","templated":true}]}}